{"id":23,"date":"2026-04-28T08:56:12","date_gmt":"2026-04-28T08:56:12","guid":{"rendered":"https:\/\/quatang.vietweb247.com\/?post_type=product&#038;p=23"},"modified":"2026-04-28T08:56:13","modified_gmt":"2026-04-28T08:56:13","slug":"hop-qua-tet-happybox-phuc-loc-an-khang-hph361","status":"publish","type":"product","link":"https:\/\/quatang.vietweb247.com\/index.php\/product\/hop-qua-tet-happybox-phuc-loc-an-khang-hph361\/","title":{"rendered":"H\u1ed9p qu\u00e0 t\u1ebft Happybox ph\u00fac l\u1ed9c an khang HPH361"},"content":{"rendered":"<div class=\"woocommerce-tabs wc-tabs-wrapper tabs-layout-tabs\">\n<div class=\"basel-tab-wrapper\">\n<div id=\"tab-description\" class=\"woocommerce-Tabs-panel woocommerce-Tabs-panel--description panel entry-content wc-tab\">\n<div id=\"ftwp-postcontent\">\n<h2 id=\"happybox-hop-qua-tet-happybox-phuc-loc-an-khang-hph361\" class=\"ftwp-heading\">H\u1ed9p qu\u00e0 t\u1ebft Happybox ph\u00fac l\u1ed9c an khang HPH361<\/h2>\n<p>H\u1ed9p\u00a0<a href=\"https:\/\/happybox.vn\/qua-tet\"><strong>qu\u00e0 T\u1ebft<\/strong><\/a>\u00a0Happybox Ph\u00fac L\u1ed9c An Khang HPH361 \u0111\u01b0\u1ee3c thi\u1ebft k\u1ebf tinh t\u1ebf, k\u1ebft h\u1ee3p h\u00e0i h\u00f2a gi\u1eefa y\u1ebfu t\u1ed1 truy\u1ec1n th\u1ed1ng v\u00e0 hi\u1ec7n \u0111\u1ea1i. V\u1ecf h\u1ed9p s\u1eed d\u1ee5ng ch\u1ea5t li\u1ec7u cao c\u1ea5p, b\u1ec1n \u0111\u1eb9p, v\u1edbi hoa v\u0103n trang tr\u00ed l\u1ea5y c\u1ea3m h\u1ee9ng t\u1eeb v\u0103n h\u00f3a ng\u00e0y T\u1ebft Vi\u1ec7t Nam, mang l\u1ea1i c\u1ea3m gi\u00e1c \u1ea5m \u00e1p v\u00e0 g\u1ea7n g\u0169i.<\/p>\n<p><img loading=\"lazy\" decoding=\"async\" src=\"https:\/\/happybox.vn\/wp-content\/uploads\/2024\/12\/Hop-qua-tet-Happybox-phuc-loc-an-khang-HPH361-a3.webp\" sizes=\"auto\" srcset=\"https:\/\/happybox.vn\/wp-content\/uploads\/2024\/12\/Hop-qua-tet-Happybox-phuc-loc-an-khang-HPH361-a3.webp 1200w, https:\/\/happybox.vn\/wp-content\/uploads\/2024\/12\/Hop-qua-tet-Happybox-phuc-loc-an-khang-HPH361-a3-300x300.webp 300w, https:\/\/happybox.vn\/wp-content\/uploads\/2024\/12\/Hop-qua-tet-Happybox-phuc-loc-an-khang-HPH361-a3-1024x1024.webp 1024w, https:\/\/happybox.vn\/wp-content\/uploads\/2024\/12\/Hop-qua-tet-Happybox-phuc-loc-an-khang-HPH361-a3-150x150.webp 150w, https:\/\/happybox.vn\/wp-content\/uploads\/2024\/12\/Hop-qua-tet-Happybox-phuc-loc-an-khang-HPH361-a3-768x768.webp 768w, https:\/\/happybox.vn\/wp-content\/uploads\/2024\/12\/Hop-qua-tet-Happybox-phuc-loc-an-khang-HPH361-a3-600x600.webp 600w, https:\/\/happybox.vn\/wp-content\/uploads\/2024\/12\/Hop-qua-tet-Happybox-phuc-loc-an-khang-HPH361-a3-100x100.webp 100w\" alt=\"H\u1ed9p qu\u00e0 t\u1ebft Happybox ph\u00fac l\u1ed9c an khang HPH361\" width=\"1200\" height=\"1200\" \/><\/p>\n<p>L\u00fd do n\u00ean ch\u1ecdn\u00a0<a href=\"https:\/\/happybox.vn\/qua-tet\"><strong>H\u1ed9p Qu\u00e0 T\u1ebft<\/strong><\/a>\u00a0Happybox Ph\u00fac L\u1ed9c An Khang HPH361:<\/p>\n<ul>\n<li>Qu\u00e0 t\u1eb7ng \u00fd ngh\u0129a v\u00e0 th\u1ef1c t\u1ebf: S\u1ea3n ph\u1ea9m trong h\u1ed9p qu\u00e0 v\u1eeba mang gi\u00e1 tr\u1ecb tinh th\u1ea7n, v\u1eeba thi\u1ebft th\u1ef1c trong cu\u1ed9c s\u1ed1ng.<\/li>\n<li>Thi\u1ebft k\u1ebf \u0111\u1eb9p m\u1eaft, sang tr\u1ecdng Happybox HPH361 l\u00e0 s\u1ef1 k\u1ebft h\u1ee3p ho\u00e0n h\u1ea3o gi\u1eefa t\u00ednh th\u1ea9m m\u1ef9 v\u00e0 ch\u1ea5t l\u01b0\u1ee3ng, ph\u00f9 h\u1ee3p v\u1edbi m\u1ecdi \u0111\u1ed1i t\u01b0\u1ee3ng.<\/li>\n<li>Ph\u00f9 h\u1ee3p v\u1edbi m\u1ecdi d\u1ecbp T\u1ebft: \u0110\u00e2y l\u00e0 m\u00f3n qu\u00e0 l\u00fd t\u01b0\u1edfng \u0111\u1ec3 t\u1eb7ng gia \u0111\u00ecnh, b\u1ea1n b\u00e8, \u0111\u1ed1i t\u00e1c ho\u1eb7c kh\u00e1ch h\u00e0ng, \u0111\u1eb7c bi\u1ec7t trong c\u00e1c d\u1ecbp l\u1ec5 T\u1ebft.<\/li>\n<li>D\u1ecbch v\u1ee5 ch\u0103m s\u00f3c kh\u00e1ch h\u00e0ng chu \u0111\u00e1o: Happybox cam k\u1ebft mang \u0111\u1ebfn s\u1ef1 h\u00e0i l\u00f2ng tuy\u1ec7t \u0111\u1ed1i v\u1edbi d\u1ecbch v\u1ee5 t\u01b0 v\u1ea5n, giao h\u00e0ng v\u00e0 h\u1ed7 tr\u1ee3 t\u00f9y ch\u1ec9nh.<\/li>\n<\/ul>\n<p><img loading=\"lazy\" decoding=\"async\" src=\"https:\/\/happybox.vn\/wp-content\/uploads\/2024\/12\/Hop-qua-tet-Happybox-phuc-loc-an-khang-HPH361-a2.webp\" sizes=\"auto\" srcset=\"https:\/\/happybox.vn\/wp-content\/uploads\/2024\/12\/Hop-qua-tet-Happybox-phuc-loc-an-khang-HPH361-a2.webp 1200w, https:\/\/happybox.vn\/wp-content\/uploads\/2024\/12\/Hop-qua-tet-Happybox-phuc-loc-an-khang-HPH361-a2-300x300.webp 300w, https:\/\/happybox.vn\/wp-content\/uploads\/2024\/12\/Hop-qua-tet-Happybox-phuc-loc-an-khang-HPH361-a2-1024x1024.webp 1024w, https:\/\/happybox.vn\/wp-content\/uploads\/2024\/12\/Hop-qua-tet-Happybox-phuc-loc-an-khang-HPH361-a2-150x150.webp 150w, https:\/\/happybox.vn\/wp-content\/uploads\/2024\/12\/Hop-qua-tet-Happybox-phuc-loc-an-khang-HPH361-a2-768x768.webp 768w, https:\/\/happybox.vn\/wp-content\/uploads\/2024\/12\/Hop-qua-tet-Happybox-phuc-loc-an-khang-HPH361-a2-600x600.webp 600w, https:\/\/happybox.vn\/wp-content\/uploads\/2024\/12\/Hop-qua-tet-Happybox-phuc-loc-an-khang-HPH361-a2-100x100.webp 100w\" alt=\"H\u1ed9p qu\u00e0 t\u1ebft Happybox ph\u00fac l\u1ed9c an khang HPH361\" width=\"1200\" height=\"1200\" \/><\/p>\n<p>H\u1ed9p qu\u00e0 t\u1ebft\u00a0<a href=\"https:\/\/happybox.vn\/\"><strong>Happybox<\/strong><\/a>\u00a0HPH361 kh\u00f4ng ch\u1ec9 l\u00e0 m\u00f3n qu\u00e0 \u0111\u1eb9p v\u1ec1 h\u00ecnh th\u1ee9c m\u00e0 c\u00f2n mang \u00fd ngh\u0129a s\u00e2u s\u1eafc th\u00f4ng qua c\u00e1c s\u1ea3n ph\u1ea9m ch\u1ea5t l\u01b0\u1ee3ng cao, \u0111\u01b0\u1ee3c tuy\u1ec3n ch\u1ecdn k\u1ef9 l\u01b0\u1ee1ng:<\/p>\n<ul>\n<li>B\u1ed9 H\u1ed9p qu\u00e0 Gi\u1ea5y, Ph\u1ee5 ki\u1ec7n trang tr\u00ed, T\u00fai x\u00e1ch<\/li>\n<li>01 Vang \u00dd Merde 50 Years Anniversary 750ml<\/li>\n<li>01 H\u0169 Nho M\u1ef9 S\u1ea5y Kh\u00f4 Sufifoods 200g<\/li>\n<li>01 H\u0169 H\u1ea1nh Nh\u00e2n Rang B\u01a1 Sufifood 130g<\/li>\n<li>01 H\u0169 Macca \u00dac N\u1ee9t V\u1ecf Sufifood 150g<\/li>\n<li>01 H\u1ed9p Tr\u00e0 Oriental Collection \u2013 Masala Chai Basilur Sri Lanka 100g<\/li>\n<li>02 H\u0169 n\u01b0\u1edbc chi\u1ebft xu\u1ea5t Tr\u00f9ng th\u1ea3o Fucoidan 70ml<\/li>\n<li>01 H\u0169 c\u00e0 ph\u00ea h\u00f2a tan Tchibo Gold \u0110\u1ee9c 50g<\/li>\n<li>T\u1eb7ng thi\u1ec7p ch\u00fac T\u1ebft c\u1ee7a Happybox<\/li>\n<\/ul>\n<p><img loading=\"lazy\" decoding=\"async\" src=\"https:\/\/happybox.vn\/wp-content\/uploads\/2024\/12\/Hop-qua-tet-Happybox-phuc-loc-an-khang-HPH361-a1.webp\" sizes=\"auto\" srcset=\"https:\/\/happybox.vn\/wp-content\/uploads\/2024\/12\/Hop-qua-tet-Happybox-phuc-loc-an-khang-HPH361-a1.webp 1200w, https:\/\/happybox.vn\/wp-content\/uploads\/2024\/12\/Hop-qua-tet-Happybox-phuc-loc-an-khang-HPH361-a1-300x300.webp 300w, https:\/\/happybox.vn\/wp-content\/uploads\/2024\/12\/Hop-qua-tet-Happybox-phuc-loc-an-khang-HPH361-a1-1024x1024.webp 1024w, https:\/\/happybox.vn\/wp-content\/uploads\/2024\/12\/Hop-qua-tet-Happybox-phuc-loc-an-khang-HPH361-a1-150x150.webp 150w, https:\/\/happybox.vn\/wp-content\/uploads\/2024\/12\/Hop-qua-tet-Happybox-phuc-loc-an-khang-HPH361-a1-768x768.webp 768w, https:\/\/happybox.vn\/wp-content\/uploads\/2024\/12\/Hop-qua-tet-Happybox-phuc-loc-an-khang-HPH361-a1-600x600.webp 600w, https:\/\/happybox.vn\/wp-content\/uploads\/2024\/12\/Hop-qua-tet-Happybox-phuc-loc-an-khang-HPH361-a1-100x100.webp 100w\" width=\"1200\" height=\"1200\" \/><\/p>\n<p>H\u1ed9p Qu\u00e0 T\u1ebft Happybox Ph\u00fac L\u1ed9c An Khang HPH361 kh\u00f4ng ch\u1ec9 \u0111\u01a1n thu\u1ea7n l\u00e0 m\u00f3n qu\u00e0 T\u1ebft m\u00e0 c\u00f2n l\u00e0 c\u00e1ch g\u1eedi g\u1eafm nh\u1eefng l\u1eddi ch\u00fac t\u1ed1t \u0111\u1eb9p v\u00e0 x\u00e2y d\u1ef1ng m\u1ed1i quan h\u1ec7 b\u1ec1n v\u1eefng. V\u1edbi thi\u1ebft k\u1ebf tinh t\u1ebf, s\u1ea3n ph\u1ea9m ch\u1ea5t l\u01b0\u1ee3ng cao v\u00e0 kh\u1ea3 n\u0103ng t\u00f9y ch\u1ec9nh in logo doanh nghi\u1ec7p, \u0111\u00e2y l\u00e0 l\u1ef1a ch\u1ecdn tuy\u1ec7t v\u1eddi \u0111\u1ec3 tri \u00e2n kh\u00e1ch h\u00e0ng, \u0111\u1ed1i t\u00e1c v\u00e0 nh\u1eefng ng\u01b0\u1eddi b\u1ea1n y\u00eau qu\u00fd trong d\u1ecbp T\u1ebft n\u00e0y.<\/p>\n<\/div>\n<\/div>\n<\/div>\n<div class=\"basel-tab-wrapper\"><\/div>\n<div class=\"basel-tab-wrapper\"><\/div>\n<\/div>\n<div id=\"reviews\" class=\"style-v2 woocommerce-Reviews show_avatar devvn-style2\">\n<div id=\"comments\"><\/div>\n<\/div>\n","protected":false},"excerpt":{"rendered":"<div class=\"woocommerce-product-details__short-description\">\n<ul>\n<li>B\u1ed9 H\u1ed9p qu\u00e0 Gi\u1ea5y, Ph\u1ee5 ki\u1ec7n trang tr\u00ed, T\u00fai x\u00e1ch<\/li>\n<li>01 Chai Vang Merde 50 Years Anniversary \u00dd 750ml<\/li>\n<li>01 H\u0169 Nho M\u1ef9 S\u1ea5y Kh\u00f4 Sufifoods 200g<\/li>\n<li>01 H\u0169 H\u1ea1nh Nh\u00e2n Rang B\u01a1 Sufifood 130g<\/li>\n<li>01 H\u0169 Macca \u00dac N\u1ee9t V\u1ecf Sufifood 150g<\/li>\n<li>01 H\u1ed9p Tr\u00e0 Oriental Collection \u2013 Masala Chai Basilur Sri Lanka 100g<\/li>\n<li>02 H\u0169 n\u01b0\u1edbc chi\u1ebft xu\u1ea5t Tr\u00f9ng th\u1ea3o Fucoidan 70ml<\/li>\n<li>01 H\u0169 c\u00e0 ph\u00ea h\u00f2a tan Tchibo Gold \u0110\u1ee9c 50g<\/li>\n<li>T\u1eb7ng thi\u1ec7p ch\u00fac T\u1ebft c\u1ee7a Happybox<\/li>\n<\/ul>\n<\/div>\n","protected":false},"featured_media":28,"comment_status":"open","ping_status":"closed","template":"","meta":[],"product_brand":[],"product_cat":[41,16,43,44,20,42,17,18,19],"product_tag":[],"class_list":{"0":"post-23","1":"product","2":"type-product","3":"status-publish","4":"has-post-thumbnail","6":"product_cat-binh-giu-nhiet","7":"product_cat-binh-nuoc-doanh-nghiep","8":"product_cat-binh-nuoc-nhua","9":"product_cat-binh-thuy-tinh","10":"product_cat-bo-qua-tang-doanh-nghiep","11":"product_cat-ly-giu-nhiet","12":"product_cat-qua-tang-go-gia-dung-luu-niem","13":"product_cat-qua-tang-quang-cao","14":"product_cat-qua-tang-van-phong","16":"first","17":"instock","18":"sale","19":"shipping-taxable","20":"purchasable","21":"product-type-simple"},"_links":{"self":[{"href":"https:\/\/quatang.vietweb247.com\/index.php\/wp-json\/wp\/v2\/product\/23","targetHints":{"allow":["GET"]}}],"collection":[{"href":"https:\/\/quatang.vietweb247.com\/index.php\/wp-json\/wp\/v2\/product"}],"about":[{"href":"https:\/\/quatang.vietweb247.com\/index.php\/wp-json\/wp\/v2\/types\/product"}],"replies":[{"embeddable":true,"href":"https:\/\/quatang.vietweb247.com\/index.php\/wp-json\/wp\/v2\/comments?post=23"}],"wp:featuredmedia":[{"embeddable":true,"href":"https:\/\/quatang.vietweb247.com\/index.php\/wp-json\/wp\/v2\/media\/28"}],"wp:attachment":[{"href":"https:\/\/quatang.vietweb247.com\/index.php\/wp-json\/wp\/v2\/media?parent=23"}],"wp:term":[{"taxonomy":"product_brand","embeddable":true,"href":"https:\/\/quatang.vietweb247.com\/index.php\/wp-json\/wp\/v2\/product_brand?post=23"},{"taxonomy":"product_cat","embeddable":true,"href":"https:\/\/quatang.vietweb247.com\/index.php\/wp-json\/wp\/v2\/product_cat?post=23"},{"taxonomy":"product_tag","embeddable":true,"href":"https:\/\/quatang.vietweb247.com\/index.php\/wp-json\/wp\/v2\/product_tag?post=23"}],"curies":[{"name":"wp","href":"https:\/\/api.w.org\/{rel}","templated":true}]}}